{"id":287,"date":"2026-03-01T05:17:40","date_gmt":"2026-03-01T05:17:40","guid":{"rendered":"https:\/\/footprobability.com\/checkout\/"},"modified":"2026-03-07T03:12:36","modified_gmt":"2026-03-07T03:12:36","slug":"checkout","status":"publish","type":"page","link":"https:\/\/footprobability.com\/en\/checkout\/","title":{"rendered":"Checkout"},"content":{"rendered":"<div class=\"wp-block-surecart-checkout-form\"><sc-checkout\n\tclass=\"checkout\"\n\tid=\"sc-checkout-286\"\n\tstyle=\"text-align: left;--sc-form-row-spacing: 25px;\"\n\tmodified=\"2026-03-01 11:49:47\"\n\talignment=\"\"\n\tsuccess-url=\"\"\n>\n\t<sc-form>\n\t\t\t\t\t<sc-checkbox name=\"get_feedback\" value=\"Feedback\" style=\"display: none !important;\"><\/sc-checkbox>\n\t\t\t\t\n\n<div class=\"wp-block-surecart-columns is-full-height is-reversed-on-mobile has-background is-layout-flex wp-container-surecart-columns-is-layout-6516cd2e wp-block-surecart-columns-is-layout-flex\" style=\"background-color:#f3f4f6\">\n<div class=\"wp-block-surecart-column is-layout-constrained is-horizontally-aligned-right has-white-background-color has-background\" style=\"padding-top:60px;padding-right:60px;padding-bottom:60px;padding-left:60px;--sc-column-content-width:450px;--sc-form-row-spacing:30px\">\n\n\n<sc-checkout-form-errors><\/sc-checkout-form-errors>\n\n\n\n\t\t<sc-customer-email\n\t\t\tclass=\"\"\n\t\t\tlabel=\"Email\"\n\t\t\tplaceholder=\"your@email.com\"\t\t\t\t\t\t\t\t\t\t\t\trequired\n\t\t\tautocomplete='email'\n\t\t\tinputmode='email'\n\t\t>\n\t\t<\/sc-customer-email>\n\n\t\t\n\n\n<sc-customer-name label=\"Name\" placeholder=\"Your Full Name\" required class=\"wp-block-surecart-name\"><\/sc-customer-name>\n\n\n\n\t\t<sc-payment\n\t\t\tid=\"sc-payment-0\"\n\t\t\tclass=\"\"\n\t\t>\n\t\t\t\t\t\t\t<sc-stripe-payment-element slot=\"stripe\"><\/sc-stripe-payment-element>\n\t\t\t\n\t\t\t\t\t<\/sc-payment>\n\t\t\n\n\t\t<sc-order-submit\n\t\t\ttype=\"primary\"\n\t\t\tfull=\"true\"\n\t\t\tsize=\"large\"\n\t\t\ticon=\"lock\"\t\t\tshow-total=\"true\"\n\t\t\tsecure-notice=\"true\"\n\t\t\tsecure-notice-text=\"Processus de paiement crypt\u00e9 et s\u00e9curis\u00e9.\"\n\t\t\t\t\t\t\t\t\tclass=\"wp-block-surecart-submit\"\n\t\t>Purchase<\/sc-order-submit>\n\t\t<\/div>\n\n\n\n<div class=\"wp-block-surecart-column is-sticky is-layout-constrained is-horizontally-aligned-left\" style=\"padding-top:60px;padding-right:60px;padding-bottom:60px;padding-left:60px;--sc-column-content-width:450px;--sc-form-row-spacing:30px\">\n<sc-order-summary collapsible=\"1\" collapsed-on-mobile=\"1\" class=\"wp-block-surecart-totals\">\n<sc-divider><\/sc-divider>\n\n\n\n<sc-line-items removable=\"1\" editable=\"1\" class=\"wp-block-surecart-line-items\"><\/sc-line-items>\n\n\n\n<sc-divider><\/sc-divider>\n\n\n\n<sc-line-item-total total=\"subtotal\" class=\"wp-block-surecart-subtotal\"><span slot=\"description\">Subtotal<\/span><span slot=\"total-payments-description\">Total Installments<\/span><span slot=\"first-payment-subtotal-description\">Paiement initial<\/span><\/sc-line-item-total>\n\n\n<sc-line-item-trial class=\"wp-block-surecart-trial-line-item\" label=\"Trial\"><\/sc-line-item-trial>\n\n\t\t<sc-order-coupon-form\n\t\t\tlabel=\"\"\n\t\t\tplaceholder=\"Entrer le code de r\u00e9duction\"\n\t\t\tbutton-text=\"\"\n\t\t\tcollapsed>\n\t\t<\/sc-order-coupon-form>\n\t\t\n\n\n<sc-line-item-tax class=\"wp-block-surecart-tax-line-item\"><\/sc-line-item-tax>\n\n\n\n<sc-divider><\/sc-divider>\n\n\n\n<sc-line-item-total total=\"total\" size=\"large\" show-currency=\"1\" class=\"wp-block-surecart-total\"><span slot=\"title\">Total<\/span><span slot=\"subscription-title\">Total Due Today<\/span><span slot=\"first-payment-total-description\">Sous-total<\/span><span slot=\"free-trial-description\">Trial<\/span><span slot=\"due-amount-description\">Amount Due<\/span><\/sc-line-item-total>\n<\/sc-order-summary>\n<\/div>\n<\/div>\n\n\t<\/sc-form>\n<\/sc-checkout>\n<\/div>","protected":false},"excerpt":{"rendered":"","protected":false},"author":1,"featured_media":0,"parent":0,"menu_order":0,"comment_status":"closed","ping_status":"closed","template":"pages\/template-surecart-blank.php","meta":{"_surecart_dashboard_logo_width":"180px","_surecart_dashboard_show_logo":true,"_surecart_dashboard_navigation_orders":true,"_surecart_dashboard_navigation_invoices":true,"_surecart_dashboard_navigation_subscriptions":true,"_surecart_dashboard_navigation_downloads":true,"_surecart_dashboard_navigation_billing":true,"_surecart_dashboard_navigation_account":true,"site-sidebar-layout":"default","site-content-layout":"","ast-site-content-layout":"default","site-content-style":"default","site-sidebar-style":"default","ast-global-header-display":"","ast-banner-title-visibility":"","ast-main-header-display":"","ast-hfb-above-header-display":"","ast-hfb-below-header-display":"","ast-hfb-mobile-header-display":"","site-post-title":"","ast-breadcrumbs-content":"","ast-featured-img":"","footer-sml-layout":"","ast-disable-related-posts":"","theme-transparent-header-meta":"","adv-header-id-meta":"","stick-header-meta":"","header-above-stick-meta":"","header-main-stick-meta":"","header-below-stick-meta":"","astra-migrate-meta-layouts":"default","ast-page-background-enabled":"default","ast-page-background-meta":{"desktop":{"background-color":"var(--ast-global-color-5)","background-image":"","background-repeat":"repeat","background-position":"center center","background-size":"auto","background-attachment":"scroll","background-type":"","background-media":"","overlay-type":"","overlay-color":"","overlay-opacity":"","overlay-gradient":""},"tablet":{"background-color":"","background-image":"","background-repeat":"repeat","background-position":"center center","background-size":"auto","background-attachment":"scroll","background-type":"","background-media":"","overlay-type":"","overlay-color":"","overlay-opacity":"","overlay-gradient":""},"mobile":{"background-color":"","background-image":"","background-repeat":"repeat","background-position":"center center","background-size":"auto","background-attachment":"scroll","background-type":"","background-media":"","overlay-type":"","overlay-color":"","overlay-opacity":"","overlay-gradient":""}},"ast-content-background-meta":{"desktop":{"background-color":"var(--ast-global-color-4)","background-image":"","background-repeat":"repeat","background-position":"center center","background-size":"auto","background-attachment":"scroll","background-type":"","background-media":"","overlay-type":"","overlay-color":"","overlay-opacity":"","overlay-gradient":""},"tablet":{"background-color":"var(--ast-global-color-4)","background-image":"","background-repeat":"repeat","background-position":"center center","background-size":"auto","background-attachment":"scroll","background-type":"","background-media":"","overlay-type":"","overlay-color":"","overlay-opacity":"","overlay-gradient":""},"mobile":{"background-color":"var(--ast-global-color-4)","background-image":"","background-repeat":"repeat","background-position":"center center","background-size":"auto","background-attachment":"scroll","background-type":"","background-media":"","overlay-type":"","overlay-color":"","overlay-opacity":"","overlay-gradient":""}},"footnotes":""},"class_list":["post-287","page","type-page","status-publish","hentry"],"yoast_head":"<!-- This site is optimized with the Yoast SEO plugin v27.3 - https:\/\/yoast.com\/product\/yoast-seo-wordpress\/ -->\n<title>Checkout -<\/title>\n<meta name=\"robots\" content=\"index, follow, max-snippet:-1, max-image-preview:large, max-video-preview:-1\" \/>\n<link rel=\"canonical\" href=\"https:\/\/footprobability.com\/en\/checkout\/\" \/>\n<meta property=\"og:locale\" content=\"en_GB\" \/>\n<meta property=\"og:type\" content=\"article\" \/>\n<meta property=\"og:title\" content=\"Checkout -\" \/>\n<meta property=\"og:url\" content=\"https:\/\/footprobability.com\/en\/checkout\/\" \/>\n<meta property=\"article:modified_time\" content=\"2026-03-07T03:12:36+00:00\" \/>\n<meta name=\"twitter:card\" content=\"summary_large_image\" \/>\n<script type=\"application\/ld+json\" class=\"yoast-schema-graph\">{\"@context\":\"https:\\\/\\\/schema.org\",\"@graph\":[{\"@type\":\"WebPage\",\"@id\":\"https:\\\/\\\/footprobability.com\\\/checkout\\\/\",\"url\":\"https:\\\/\\\/footprobability.com\\\/checkout\\\/\",\"name\":\"Checkout -\",\"isPartOf\":{\"@id\":\"https:\\\/\\\/footprobability.com\\\/#website\"},\"datePublished\":\"2026-03-01T05:17:40+00:00\",\"dateModified\":\"2026-03-07T03:12:36+00:00\",\"breadcrumb\":{\"@id\":\"https:\\\/\\\/footprobability.com\\\/checkout\\\/#breadcrumb\"},\"inLanguage\":\"en-GB\",\"potentialAction\":[{\"@type\":\"ReadAction\",\"target\":[\"https:\\\/\\\/footprobability.com\\\/checkout\\\/\"]}]},{\"@type\":\"BreadcrumbList\",\"@id\":\"https:\\\/\\\/footprobability.com\\\/checkout\\\/#breadcrumb\",\"itemListElement\":[{\"@type\":\"ListItem\",\"position\":1,\"name\":\"Accueil\",\"item\":\"https:\\\/\\\/footprobability.com\\\/\"},{\"@type\":\"ListItem\",\"position\":2,\"name\":\"Checkout\"}]},{\"@type\":\"WebSite\",\"@id\":\"https:\\\/\\\/footprobability.com\\\/#website\",\"url\":\"https:\\\/\\\/footprobability.com\\\/\",\"name\":\"footprobability.com\",\"description\":\"Joue comme Footprobability.\",\"publisher\":{\"@id\":\"https:\\\/\\\/footprobability.com\\\/#\\\/schema\\\/person\\\/692dd5323c214dc804f5e9a0d1273be7\"},\"potentialAction\":[{\"@type\":\"SearchAction\",\"target\":{\"@type\":\"EntryPoint\",\"urlTemplate\":\"https:\\\/\\\/footprobability.com\\\/?s={search_term_string}\"},\"query-input\":{\"@type\":\"PropertyValueSpecification\",\"valueRequired\":true,\"valueName\":\"search_term_string\"}}],\"inLanguage\":\"en-GB\"},{\"@type\":[\"Person\",\"Organization\"],\"@id\":\"https:\\\/\\\/footprobability.com\\\/#\\\/schema\\\/person\\\/692dd5323c214dc804f5e9a0d1273be7\",\"name\":\"Johan BENARD\",\"image\":{\"@type\":\"ImageObject\",\"inLanguage\":\"en-GB\",\"@id\":\"https:\\\/\\\/footprobability.com\\\/wp-content\\\/uploads\\\/2026\\\/03\\\/cropped-ChatGPT-Image-20-mars-2026-21_30_26.png\",\"url\":\"https:\\\/\\\/footprobability.com\\\/wp-content\\\/uploads\\\/2026\\\/03\\\/cropped-ChatGPT-Image-20-mars-2026-21_30_26.png\",\"contentUrl\":\"https:\\\/\\\/footprobability.com\\\/wp-content\\\/uploads\\\/2026\\\/03\\\/cropped-ChatGPT-Image-20-mars-2026-21_30_26.png\",\"width\":589,\"height\":694,\"caption\":\"Johan BENARD\"},\"logo\":{\"@id\":\"https:\\\/\\\/footprobability.com\\\/wp-content\\\/uploads\\\/2026\\\/03\\\/cropped-ChatGPT-Image-20-mars-2026-21_30_26.png\"},\"sameAs\":[\"http:\\\/\\\/footprobability.com\"]}]}<\/script>\n<!-- \/ Yoast SEO plugin. -->","yoast_head_json":{"title":"Checkout -","robots":{"index":"index","follow":"follow","max-snippet":"max-snippet:-1","max-image-preview":"max-image-preview:large","max-video-preview":"max-video-preview:-1"},"canonical":"https:\/\/footprobability.com\/en\/checkout\/","og_locale":"en_GB","og_type":"article","og_title":"Checkout -","og_url":"https:\/\/footprobability.com\/en\/checkout\/","article_modified_time":"2026-03-07T03:12:36+00:00","twitter_card":"summary_large_image","schema":{"@context":"https:\/\/schema.org","@graph":[{"@type":"WebPage","@id":"https:\/\/footprobability.com\/checkout\/","url":"https:\/\/footprobability.com\/checkout\/","name":"Checkout -","isPartOf":{"@id":"https:\/\/footprobability.com\/#website"},"datePublished":"2026-03-01T05:17:40+00:00","dateModified":"2026-03-07T03:12:36+00:00","breadcrumb":{"@id":"https:\/\/footprobability.com\/checkout\/#breadcrumb"},"inLanguage":"en-GB","potentialAction":[{"@type":"ReadAction","target":["https:\/\/footprobability.com\/checkout\/"]}]},{"@type":"BreadcrumbList","@id":"https:\/\/footprobability.com\/checkout\/#breadcrumb","itemListElement":[{"@type":"ListItem","position":1,"name":"Accueil","item":"https:\/\/footprobability.com\/"},{"@type":"ListItem","position":2,"name":"Checkout"}]},{"@type":"WebSite","@id":"https:\/\/footprobability.com\/#website","url":"https:\/\/footprobability.com\/","name":"footprobability.com","description":"Plays like Footprobability.","publisher":{"@id":"https:\/\/footprobability.com\/#\/schema\/person\/692dd5323c214dc804f5e9a0d1273be7"},"potentialAction":[{"@type":"SearchAction","target":{"@type":"EntryPoint","urlTemplate":"https:\/\/footprobability.com\/?s={search_term_string}"},"query-input":{"@type":"PropertyValueSpecification","valueRequired":true,"valueName":"search_term_string"}}],"inLanguage":"en-GB"},{"@type":["Person","Organization"],"@id":"https:\/\/footprobability.com\/#\/schema\/person\/692dd5323c214dc804f5e9a0d1273be7","name":"Johan BENARD","image":{"@type":"ImageObject","inLanguage":"en-GB","@id":"https:\/\/footprobability.com\/wp-content\/uploads\/2026\/03\/cropped-ChatGPT-Image-20-mars-2026-21_30_26.png","url":"https:\/\/footprobability.com\/wp-content\/uploads\/2026\/03\/cropped-ChatGPT-Image-20-mars-2026-21_30_26.png","contentUrl":"https:\/\/footprobability.com\/wp-content\/uploads\/2026\/03\/cropped-ChatGPT-Image-20-mars-2026-21_30_26.png","width":589,"height":694,"caption":"Johan BENARD"},"logo":{"@id":"https:\/\/footprobability.com\/wp-content\/uploads\/2026\/03\/cropped-ChatGPT-Image-20-mars-2026-21_30_26.png"},"sameAs":["http:\/\/footprobability.com"]}]}},"_hostinger_reach_plugin_has_subscription_block":false,"_hostinger_reach_plugin_is_elementor":false,"_links":{"self":[{"href":"https:\/\/footprobability.com\/en\/wp-json\/wp\/v2\/pages\/287","targetHints":{"allow":["GET"]}}],"collection":[{"href":"https:\/\/footprobability.com\/en\/wp-json\/wp\/v2\/pages"}],"about":[{"href":"https:\/\/footprobability.com\/en\/wp-json\/wp\/v2\/types\/page"}],"author":[{"embeddable":true,"href":"https:\/\/footprobability.com\/en\/wp-json\/wp\/v2\/users\/1"}],"replies":[{"embeddable":true,"href":"https:\/\/footprobability.com\/en\/wp-json\/wp\/v2\/comments?post=287"}],"version-history":[{"count":1,"href":"https:\/\/footprobability.com\/en\/wp-json\/wp\/v2\/pages\/287\/revisions"}],"predecessor-version":[{"id":386,"href":"https:\/\/footprobability.com\/en\/wp-json\/wp\/v2\/pages\/287\/revisions\/386"}],"wp:attachment":[{"href":"https:\/\/footprobability.com\/en\/wp-json\/wp\/v2\/media?parent=287"}],"curies":[{"name":"wp","href":"https:\/\/api.w.org\/{rel}","templated":true}]}}