{"id":834,"date":"2026-04-20T14:03:09","date_gmt":"2026-04-20T14:03:09","guid":{"rendered":"https:\/\/footprobability.com\/?page_id=834"},"modified":"2026-04-20T17:07:51","modified_gmt":"2026-04-20T17:07:51","slug":"matchs-classements-football","status":"publish","type":"page","link":"https:\/\/footprobability.com\/en\/matchs-classements-football\/","title":{"rendered":"Matches &amp; Standings"},"content":{"rendered":"<div style=\"margin:20px 0; text-align:center;\">\n  <script type=\"text\/javascript\" charset=\"utf-8\" src=\"https:\/\/www.gambling-affiliation.com\/cpm\/v=rMlCqQBjD7PqPfSoobDhlfHpfNyTxFcpjWR-MEWc8.c_GA7331V2&#038;aff_var_1=\"><\/script>\n<\/div>\n\n\n\n<p>Follow the standings, upcoming matches and results of the main European leagues.<\/p>\n\n\n\n<div style=\"margin:20px 0; text-align:center;\">\n  <a href=\"https:\/\/www.gambling-affiliation.com\/cpc\/v=4AcZSi0Wci-qowwFVjHON5RTPbL9tgh2O9GYunI9Zi8_GA7331V2&#038;aff_var_1=\"\n     target=\"_blank\"\n     rel=\"noopener nofollow\">\n    <script type=\"text\/javascript\" charset=\"utf-8\" src=\"https:\/\/www.gambling-affiliation.com\/cpm\/v=wcjV6XsegqN0mCmlcVADypbPptH.e2tEzTEXHp08vsM_GA7331V2&#038;aff_var_1=\"><\/script>\n  <\/a>\n<\/div>\n\n\n\n<h2 class=\"wp-block-heading\">\ud83d\udc49 <strong>\u201cChoose a league\u201d<\/strong><\/h2>\n\n\n\n<div class=\"fp-league-grid\">\n\n    <a href=\"\/en\/championnat\/premier-league\/\" class=\"fp-league-card\">\n        \ud83c\uddec\ud83c\udde7 Premier League\n    <\/a>\n\n    <a href=\"\/en\/championnat\/liga\/\" class=\"fp-league-card\">\n        \ud83c\uddea\ud83c\uddf8 Liga\n    <\/a>\n\n    <a href=\"\/en\/championnat\/serie-a\/\" class=\"fp-league-card\">\n        \ud83c\uddee\ud83c\uddf9 Serie A\n    <\/a>\n\n    <a href=\"\/en\/championnat\/bundesliga\/\" class=\"fp-league-card\">\n        \ud83c\udde9\ud83c\uddea Bundesliga\n    <\/a>\n\n    <a href=\"\/en\/championnat\/ligue-1\/\" class=\"fp-league-card\">\n        \ud83c\uddeb\ud83c\uddf7 Ligue 1\n    <\/a>\n\n<\/div>","protected":false},"excerpt":{"rendered":"<p>Suivez les classements, les matchs \u00e0 venir et les r\u00e9sultats des principaux championnats europ\u00e9ens. \ud83d\udc49 \u201cChoisissez un championnat\u201d \ud83c\uddec\ud83c\udde7 Premier [&hellip;]<\/p>\n","protected":false},"author":1,"featured_media":0,"parent":0,"menu_order":0,"comment_status":"closed","ping_status":"closed","template":"","meta":{"site-sidebar-layout":"default","site-content-layout":"","ast-site-content-layout":"default","site-content-style":"default","site-sidebar-style":"default","ast-global-header-display":"","ast-banner-title-visibility":"","ast-main-header-display":"","ast-hfb-above-header-display":"","ast-hfb-below-header-display":"","ast-hfb-mobile-header-display":"","site-post-title":"","ast-breadcrumbs-content":"","ast-featured-img":"","footer-sml-layout":"","ast-disable-related-posts":"","theme-transparent-header-meta":"","adv-header-id-meta":"","stick-header-meta":"","header-above-stick-meta":"","header-main-stick-meta":"","header-below-stick-meta":"","astra-migrate-meta-layouts":"default","ast-page-background-enabled":"default","ast-page-background-meta":{"desktop":{"background-color":"var(--ast-global-color-5)","background-image":"","background-repeat":"repeat","background-position":"center center","background-size":"auto","background-attachment":"scroll","background-type":"","background-media":"","overlay-type":"","overlay-color":"","overlay-opacity":"","overlay-gradient":""},"tablet":{"background-color":"","background-image":"","background-repeat":"repeat","background-position":"center center","background-size":"auto","background-attachment":"scroll","background-type":"","background-media":"","overlay-type":"","overlay-color":"","overlay-opacity":"","overlay-gradient":""},"mobile":{"background-color":"","background-image":"","background-repeat":"repeat","background-position":"center center","background-size":"auto","background-attachment":"scroll","background-type":"","background-media":"","overlay-type":"","overlay-color":"","overlay-opacity":"","overlay-gradient":""}},"ast-content-background-meta":{"desktop":{"background-color":"var(--ast-global-color-4)","background-image":"","background-repeat":"repeat","background-position":"center center","background-size":"auto","background-attachment":"scroll","background-type":"","background-media":"","overlay-type":"","overlay-color":"","overlay-opacity":"","overlay-gradient":""},"tablet":{"background-color":"var(--ast-global-color-4)","background-image":"","background-repeat":"repeat","background-position":"center center","background-size":"auto","background-attachment":"scroll","background-type":"","background-media":"","overlay-type":"","overlay-color":"","overlay-opacity":"","overlay-gradient":""},"mobile":{"background-color":"var(--ast-global-color-4)","background-image":"","background-repeat":"repeat","background-position":"center center","background-size":"auto","background-attachment":"scroll","background-type":"","background-media":"","overlay-type":"","overlay-color":"","overlay-opacity":"","overlay-gradient":""}},"footnotes":""},"class_list":["post-834","page","type-page","status-publish","hentry"],"yoast_head":"<!-- This site is optimized with the Yoast SEO plugin v27.4 - https:\/\/yoast.com\/product\/yoast-seo-wordpress\/ -->\n<title>Matchs &amp; Classements -<\/title>\n<meta name=\"robots\" content=\"index, follow, max-snippet:-1, max-image-preview:large, max-video-preview:-1\" \/>\n<link rel=\"canonical\" href=\"https:\/\/footprobability.com\/en\/matchs-classements-football\/\" \/>\n<meta property=\"og:locale\" content=\"en_GB\" \/>\n<meta property=\"og:type\" content=\"article\" \/>\n<meta property=\"og:title\" content=\"Matchs &amp; Classements -\" \/>\n<meta property=\"og:description\" content=\"Suivez les classements, les matchs \u00e0 venir et les r\u00e9sultats des principaux championnats europ\u00e9ens. \ud83d\udc49 \u201cChoisissez un championnat\u201d \ud83c\uddec\ud83c\udde7 Premier [&hellip;]\" \/>\n<meta property=\"og:url\" content=\"https:\/\/footprobability.com\/en\/matchs-classements-football\/\" \/>\n<meta property=\"article:modified_time\" content=\"2026-04-20T17:07:51+00:00\" \/>\n<meta name=\"twitter:card\" content=\"summary_large_image\" \/>\n<meta name=\"twitter:label1\" content=\"Estimated reading time\" \/>\n\t<meta name=\"twitter:data1\" content=\"1 minute\" \/>\n<script type=\"application\/ld+json\" class=\"yoast-schema-graph\">{\"@context\":\"https:\\\/\\\/schema.org\",\"@graph\":[{\"@type\":\"WebPage\",\"@id\":\"https:\\\/\\\/footprobability.com\\\/matchs-classements-football\\\/\",\"url\":\"https:\\\/\\\/footprobability.com\\\/matchs-classements-football\\\/\",\"name\":\"Matchs &amp; Classements -\",\"isPartOf\":{\"@id\":\"https:\\\/\\\/footprobability.com\\\/#website\"},\"datePublished\":\"2026-04-20T14:03:09+00:00\",\"dateModified\":\"2026-04-20T17:07:51+00:00\",\"breadcrumb\":{\"@id\":\"https:\\\/\\\/footprobability.com\\\/matchs-classements-football\\\/#breadcrumb\"},\"inLanguage\":\"en-GB\",\"potentialAction\":[{\"@type\":\"ReadAction\",\"target\":[\"https:\\\/\\\/footprobability.com\\\/matchs-classements-football\\\/\"]}]},{\"@type\":\"BreadcrumbList\",\"@id\":\"https:\\\/\\\/footprobability.com\\\/matchs-classements-football\\\/#breadcrumb\",\"itemListElement\":[{\"@type\":\"ListItem\",\"position\":1,\"name\":\"Accueil\",\"item\":\"https:\\\/\\\/footprobability.com\\\/\"},{\"@type\":\"ListItem\",\"position\":2,\"name\":\"Matchs &amp; Classements\"}]},{\"@type\":\"WebSite\",\"@id\":\"https:\\\/\\\/footprobability.com\\\/#website\",\"url\":\"https:\\\/\\\/footprobability.com\\\/\",\"name\":\"footprobability.com\",\"description\":\"Joue comme Footprobability.\",\"publisher\":{\"@id\":\"https:\\\/\\\/footprobability.com\\\/#\\\/schema\\\/person\\\/692dd5323c214dc804f5e9a0d1273be7\"},\"potentialAction\":[{\"@type\":\"SearchAction\",\"target\":{\"@type\":\"EntryPoint\",\"urlTemplate\":\"https:\\\/\\\/footprobability.com\\\/?s={search_term_string}\"},\"query-input\":{\"@type\":\"PropertyValueSpecification\",\"valueRequired\":true,\"valueName\":\"search_term_string\"}}],\"inLanguage\":\"en-GB\"},{\"@type\":[\"Person\",\"Organization\"],\"@id\":\"https:\\\/\\\/footprobability.com\\\/#\\\/schema\\\/person\\\/692dd5323c214dc804f5e9a0d1273be7\",\"name\":\"Johan BENARD\",\"image\":{\"@type\":\"ImageObject\",\"inLanguage\":\"en-GB\",\"@id\":\"https:\\\/\\\/footprobability.com\\\/wp-content\\\/uploads\\\/2026\\\/03\\\/cropped-ChatGPT-Image-20-mars-2026-21_30_26.png\",\"url\":\"https:\\\/\\\/footprobability.com\\\/wp-content\\\/uploads\\\/2026\\\/03\\\/cropped-ChatGPT-Image-20-mars-2026-21_30_26.png\",\"contentUrl\":\"https:\\\/\\\/footprobability.com\\\/wp-content\\\/uploads\\\/2026\\\/03\\\/cropped-ChatGPT-Image-20-mars-2026-21_30_26.png\",\"width\":589,\"height\":694,\"caption\":\"Johan BENARD\"},\"logo\":{\"@id\":\"https:\\\/\\\/footprobability.com\\\/wp-content\\\/uploads\\\/2026\\\/03\\\/cropped-ChatGPT-Image-20-mars-2026-21_30_26.png\"},\"sameAs\":[\"http:\\\/\\\/footprobability.com\"]}]}<\/script>\n<!-- \/ Yoast SEO plugin. -->","yoast_head_json":{"title":"Matchs &amp; Classements -","robots":{"index":"index","follow":"follow","max-snippet":"max-snippet:-1","max-image-preview":"max-image-preview:large","max-video-preview":"max-video-preview:-1"},"canonical":"https:\/\/footprobability.com\/en\/matchs-classements-football\/","og_locale":"en_GB","og_type":"article","og_title":"Matchs &amp; Classements -","og_description":"Suivez les classements, les matchs \u00e0 venir et les r\u00e9sultats des principaux championnats europ\u00e9ens. \ud83d\udc49 \u201cChoisissez un championnat\u201d \ud83c\uddec\ud83c\udde7 Premier [&hellip;]","og_url":"https:\/\/footprobability.com\/en\/matchs-classements-football\/","article_modified_time":"2026-04-20T17:07:51+00:00","twitter_card":"summary_large_image","twitter_misc":{"Estimated reading time":"1 minute"},"schema":{"@context":"https:\/\/schema.org","@graph":[{"@type":"WebPage","@id":"https:\/\/footprobability.com\/matchs-classements-football\/","url":"https:\/\/footprobability.com\/matchs-classements-football\/","name":"Matchs &amp; Classements -","isPartOf":{"@id":"https:\/\/footprobability.com\/#website"},"datePublished":"2026-04-20T14:03:09+00:00","dateModified":"2026-04-20T17:07:51+00:00","breadcrumb":{"@id":"https:\/\/footprobability.com\/matchs-classements-football\/#breadcrumb"},"inLanguage":"en-GB","potentialAction":[{"@type":"ReadAction","target":["https:\/\/footprobability.com\/matchs-classements-football\/"]}]},{"@type":"BreadcrumbList","@id":"https:\/\/footprobability.com\/matchs-classements-football\/#breadcrumb","itemListElement":[{"@type":"ListItem","position":1,"name":"Accueil","item":"https:\/\/footprobability.com\/"},{"@type":"ListItem","position":2,"name":"Matchs &amp; Classements"}]},{"@type":"WebSite","@id":"https:\/\/footprobability.com\/#website","url":"https:\/\/footprobability.com\/","name":"footprobability.com","description":"Plays like Footprobability.","publisher":{"@id":"https:\/\/footprobability.com\/#\/schema\/person\/692dd5323c214dc804f5e9a0d1273be7"},"potentialAction":[{"@type":"SearchAction","target":{"@type":"EntryPoint","urlTemplate":"https:\/\/footprobability.com\/?s={search_term_string}"},"query-input":{"@type":"PropertyValueSpecification","valueRequired":true,"valueName":"search_term_string"}}],"inLanguage":"en-GB"},{"@type":["Person","Organization"],"@id":"https:\/\/footprobability.com\/#\/schema\/person\/692dd5323c214dc804f5e9a0d1273be7","name":"Johan BENARD","image":{"@type":"ImageObject","inLanguage":"en-GB","@id":"https:\/\/footprobability.com\/wp-content\/uploads\/2026\/03\/cropped-ChatGPT-Image-20-mars-2026-21_30_26.png","url":"https:\/\/footprobability.com\/wp-content\/uploads\/2026\/03\/cropped-ChatGPT-Image-20-mars-2026-21_30_26.png","contentUrl":"https:\/\/footprobability.com\/wp-content\/uploads\/2026\/03\/cropped-ChatGPT-Image-20-mars-2026-21_30_26.png","width":589,"height":694,"caption":"Johan BENARD"},"logo":{"@id":"https:\/\/footprobability.com\/wp-content\/uploads\/2026\/03\/cropped-ChatGPT-Image-20-mars-2026-21_30_26.png"},"sameAs":["http:\/\/footprobability.com"]}]}},"_hostinger_reach_plugin_has_subscription_block":false,"_hostinger_reach_plugin_is_elementor":false,"_links":{"self":[{"href":"https:\/\/footprobability.com\/en\/wp-json\/wp\/v2\/pages\/834","targetHints":{"allow":["GET"]}}],"collection":[{"href":"https:\/\/footprobability.com\/en\/wp-json\/wp\/v2\/pages"}],"about":[{"href":"https:\/\/footprobability.com\/en\/wp-json\/wp\/v2\/types\/page"}],"author":[{"embeddable":true,"href":"https:\/\/footprobability.com\/en\/wp-json\/wp\/v2\/users\/1"}],"replies":[{"embeddable":true,"href":"https:\/\/footprobability.com\/en\/wp-json\/wp\/v2\/comments?post=834"}],"version-history":[{"count":5,"href":"https:\/\/footprobability.com\/en\/wp-json\/wp\/v2\/pages\/834\/revisions"}],"predecessor-version":[{"id":900,"href":"https:\/\/footprobability.com\/en\/wp-json\/wp\/v2\/pages\/834\/revisions\/900"}],"wp:attachment":[{"href":"https:\/\/footprobability.com\/en\/wp-json\/wp\/v2\/media?parent=834"}],"curies":[{"name":"wp","href":"https:\/\/api.w.org\/{rel}","templated":true}]}}